{"id":857,"date":"2016-07-21T15:27:03","date_gmt":"2016-07-21T14:27:03","guid":{"rendered":"https:\/\/the7.io\/digital-artist\/?page_id=2"},"modified":"2021-07-25T15:26:36","modified_gmt":"2021-07-25T13:26:36","slug":"home","status":"publish","type":"page","link":"https:\/\/voyagefamillemouette.fr\/","title":{"rendered":"Home"},"content":{"rendered":"<p>[vc_row equal_height=\u00a0\u00bbyes\u00a0\u00bb type=\u00a0\u00bbvc_default\u00a0\u00bb css=\u00a0\u00bb.vc_custom_1568799715022{margin-right: 0px !important;margin-bottom: 0px !important;margin-left: 0px !important;}\u00a0\u00bb][vc_column css=\u00a0\u00bb.vc_custom_1533936492247{margin-right: -100% !important;margin-left: -100% !important;}\u00a0\u00bb]<div id=\"ultimate-heading-212269fc36d400242\" class=\"uvc-heading ult-adjust-bottom-margin ultimate-heading-212269fc36d400242 uvc-7590 \" data-hspacer=\"line_only\"  data-halign=\"center\" style=\"text-align:center\"><div class=\"uvc-main-heading ult-responsive\"  data-ultimate-target='.uvc-heading.ultimate-heading-212269fc36d400242 h2'  data-responsive-json-new='{\"font-size\":\"desktop:130px;tablet:130px;tablet_portrait:110px;mobile_landscape:80px;mobile:60px;\",\"line-height\":\"desktop:130px;tablet:130px;tablet_portrait:130px;mobile_landscape:130px;mobile:130px;\"}' ><h2 style=\"font-family:&#039;Raleway&#039;;font-weight:700;color:rgba(0,0,0,0.05);\">NOS VOYAGES<\/h2><\/div><div class=\"uvc-sub-heading ult-responsive\"  data-ultimate-target='.uvc-heading.ultimate-heading-212269fc36d400242 .uvc-sub-heading '  data-responsive-json-new='{\"font-size\":\"desktop:36px;tablet:36px;tablet_portrait:36px;mobile_landscape:36px;mobile:24px;\",\"line-height\":\"desktop:42px;tablet:42px;tablet_portrait:42px;mobile_landscape:42px;mobile:42px;\"}'  style=\"font-family:&#039;Raleway&#039;;font-weight:700;color:#000000;margin-top:-86px;\">Voyages Famille Mouette<\/div><div class=\"uvc-heading-spacer line_only\" style=\"margin-top:5px;height:4px;\"><span class=\"uvc-headings-line\" style=\"border-style:solid;border-bottom-width:4px;border-color:#003d99;width:50px;\"><\/span><\/div><\/div>[\/vc_column][\/vc_row][vc_row bg_type=\u00a0\u00bbimage\u00a0\u00bb type=\u00a0\u00bbvc_default\u00a0\u00bb css=\u00a0\u00bb.vc_custom_1568823404904{margin-top: 50px !important;margin-right: 5px !important;margin-left: 5px !important;border-top-width: 10px !important;border-right-width: 10px !important;border-bottom-width: 10px !important;border-left-width: 10px !important;padding-right: 30px !important;padding-left: 30px !important;border-left-color: #003d99 !important;border-left-style: double !important;border-right-color: #003d99 !important;border-right-style: double !important;border-top-color: #003d99 !important;border-top-style: double !important;border-bottom-color: #003d99 !important;border-bottom-style: double !important;}\u00a0\u00bb][vc_column offset=\u00a0\u00bbvc_col-xs-12&Prime;][vc_column_text]<\/p>\n<h3 style=\"text-align: center;\">O\u00f9 Sommes nous d\u00e9j\u00e0 all\u00e9s ?<\/h3>\n<div><\/div>\n<p>[\/vc_column_text][vc_column_text]Voici tous les logos[\/vc_column_text][\/vc_column][\/vc_row][vc_row bg_type=\u00a0\u00bbimage\u00a0\u00bb parallax_style=\u00a0\u00bbvcpb-vz-jquery\u00a0\u00bb bg_image_new=\u00a0\u00bbid^1345|url^http:\/\/voyagefamillemouette.fr\/wp-content\/uploads\/2021\/07\/Pont-d-avignon-scaled.jpg|caption^null|alt^null|title^Pont-d-avignon|description^null\u00a0\u00bb bg_image_repeat=\u00a0\u00bbno-repeat\u00a0\u00bb parallax_sense=\u00a0\u00bb20&Prime; enable_overlay=\u00a0\u00bbenable_overlay_value\u00a0\u00bb overlay_color=\u00a0\u00bbrgba(0,0,0,0.5)\u00a0\u00bb type=\u00a0\u00bbvc_default\u00a0\u00bb css=\u00a0\u00bb.vc_custom_1627219398453{margin-top: 50px !important;margin-right: 0px !important;margin-left: 0px !important;padding-right: 50px !important;padding-left: 50px !important;}\u00a0\u00bb][vc_column width=\u00a0\u00bb5\/6&Prime; offset=\u00a0\u00bbvc_col-lg-offset-3 vc_col-lg-6 vc_col-md-offset-2 vc_col-md-8 vc_col-sm-offset-1 vc_col-xs-12&Prime; css=\u00a0\u00bb.vc_custom_1470077885047{margin-top: 18% !important;margin-right: 0px !important;margin-bottom: 18% !important;margin-left: 0px !important;padding-top: 0px !important;padding-right: 0px !important;padding-bottom: 0px !important;padding-left: 0px !important;}\u00a0\u00bb][vc_row_inner css=\u00a0\u00bb.vc_custom_1469973262886{border-top-width: 10px !important;border-right-width: 10px !important;border-bottom-width: 10px !important;border-left-width: 10px !important;padding-top: 60px !important;padding-right: 60px !important;padding-bottom: 30px !important;padding-left: 60px !important;border-left-color: #ffffff !important;border-left-style: double !important;border-right-color: #ffffff !important;border-right-style: double !important;border-top-color: #ffffff !important;border-top-style: double !important;border-bottom-color: #ffffff !important;border-bottom-style: double !important;}\u00a0\u00bb el_class=\u00a0\u00bbcustom-mobile-paddings\u00a0\u00bb][vc_column_inner css=\u00a0\u00bb.vc_custom_1469972972735{margin-top: 0px !important;margin-right: 0px !important;margin-bottom: 0px !important;margin-left: 0px !important;padding-top: 0px !important;padding-right: 0px !important;padding-bottom: 0px !important;padding-left: 0px !important;}\u00a0\u00bb]<div id=\"ultimate-heading-179569fc36d400274\" class=\"uvc-heading ult-adjust-bottom-margin ultimate-heading-179569fc36d400274 uvc-2008 \" data-hspacer=\"no_spacer\"  data-halign=\"center\" style=\"text-align:center\"><div class=\"uvc-heading-spacer no_spacer\" style=\"top\"><\/div><div class=\"uvc-main-heading ult-responsive\"  data-ultimate-target='.uvc-heading.ultimate-heading-179569fc36d400274 h2'  data-responsive-json-new='{\"font-size\":\"desktop:30px;tablet:30px;tablet_portrait:30px;mobile_landscape:24px;mobile:16px;\",\"line-height\":\"desktop:40px;tablet:42px;tablet_portrait:42px;mobile_landscape:36px;mobile:26px;\"}' ><h2 style=\"font-family:&#039;Raleway&#039;;font-weight:700;color:#ffffff;\">Le Lub\u00e9ron : Cavaillon, N\u00eemes, Le pont du Gard, ...<\/h2><\/div><div class=\"uvc-sub-heading ult-responsive\"  data-ultimate-target='.uvc-heading.ultimate-heading-179569fc36d400274 .uvc-sub-heading '  data-responsive-json-new='{\"font-size\":\"desktop:20px;tablet:20px;tablet_portrait:20px;mobile_landscape:15px;mobile:12px;\",\"line-height\":\"desktop:30px;tablet:30px;tablet_portrait:30px;mobile_landscape:25px;mobile:18px;\"}'  style=\"font-weight:900;color:#ffffff;margin-top:20px;margin-bottom:30px;\"><a href=\"http:\/\/voyagefamillemouette.fr\/index.php\/2021\/07\/21\/vacances-luberon\/\">Juillet 2021<\/a><\/div><\/div>[\/vc_column_inner][\/vc_row_inner][\/vc_column][\/vc_row][vc_row bg_type=\u00a0\u00bbimage\u00a0\u00bb parallax_style=\u00a0\u00bbvcpb-vz-jquery\u00a0\u00bb bg_image_new=\u00a0\u00bbid^1040|url^http:\/\/voyagefamillemouette.fr\/wp-content\/uploads\/2018\/08\/20170430_tulipes.jpg|caption^null|alt^null|title^20170430_tulipes|description^null\u00a0\u00bb bg_image_repeat=\u00a0\u00bbno-repeat\u00a0\u00bb parallax_sense=\u00a0\u00bb20&Prime; enable_overlay=\u00a0\u00bbenable_overlay_value\u00a0\u00bb overlay_color=\u00a0\u00bbrgba(0,0,0,0.5)\u00a0\u00bb type=\u00a0\u00bbvc_default\u00a0\u00bb css=\u00a0\u00bb.vc_custom_1568801056425{margin-top: 50px !important;margin-right: 0px !important;margin-left: 0px !important;padding-right: 50px !important;padding-left: 50px !important;}\u00a0\u00bb][vc_column width=\u00a0\u00bb5\/6&Prime; offset=\u00a0\u00bbvc_col-lg-offset-3 vc_col-lg-6 vc_col-md-offset-2 vc_col-md-8 vc_col-sm-offset-1 vc_col-xs-12&Prime; css=\u00a0\u00bb.vc_custom_1470077885047{margin-top: 18% !important;margin-right: 0px !important;margin-bottom: 18% !important;margin-left: 0px !important;padding-top: 0px !important;padding-right: 0px !important;padding-bottom: 0px !important;padding-left: 0px !important;}\u00a0\u00bb][vc_row_inner css=\u00a0\u00bb.vc_custom_1469973262886{border-top-width: 10px !important;border-right-width: 10px !important;border-bottom-width: 10px !important;border-left-width: 10px !important;padding-top: 60px !important;padding-right: 60px !important;padding-bottom: 30px !important;padding-left: 60px !important;border-left-color: #ffffff !important;border-left-style: double !important;border-right-color: #ffffff !important;border-right-style: double !important;border-top-color: #ffffff !important;border-top-style: double !important;border-bottom-color: #ffffff !important;border-bottom-style: double !important;}\u00a0\u00bb el_class=\u00a0\u00bbcustom-mobile-paddings\u00a0\u00bb][vc_column_inner css=\u00a0\u00bb.vc_custom_1469972972735{margin-top: 0px !important;margin-right: 0px !important;margin-bottom: 0px !important;margin-left: 0px !important;padding-top: 0px !important;padding-right: 0px !important;padding-bottom: 0px !important;padding-left: 0px !important;}\u00a0\u00bb][vc_column_text]<a class=\"Home-Titre\" href=\"http:\/\/voyagefamillemouette.fr\/index.php\/2017\/05\/03\/hollande-mai-2017\/\">Au nord de Dieppe, La Hollande, le pays des tulipes<\/a><\/p>\n<p class=\"Home-Date\">Mai 2017<\/p>\n<p>[\/vc_column_text][\/vc_column_inner][\/vc_row_inner][\/vc_column][\/vc_row][vc_row bg_type=\u00a0\u00bbimage\u00a0\u00bb parallax_style=\u00a0\u00bbvcpb-vz-jquery\u00a0\u00bb bg_image_new=\u00a0\u00bbid^1068|url^http:\/\/voyagefamillemouette.fr\/wp-content\/uploads\/2018\/08\/GR5.jpeg|caption^null|alt^null|title^GR5|description^null\u00a0\u00bb bg_image_repeat=\u00a0\u00bbno-repeat\u00a0\u00bb parallax_sense=\u00a0\u00bb20&Prime; enable_overlay=\u00a0\u00bbenable_overlay_value\u00a0\u00bb overlay_color=\u00a0\u00bbrgba(0,0,0,0.5)\u00a0\u00bb type=\u00a0\u00bbvc_default\u00a0\u00bb css=\u00a0\u00bb.vc_custom_1533978493471{margin-top: 50px !important;margin-right: 0px !important;margin-left: 0px !important;padding-right: 50px !important;padding-left: 50px !important;}\u00a0\u00bb][vc_column width=\u00a0\u00bb5\/6&Prime; offset=\u00a0\u00bbvc_col-lg-offset-3 vc_col-lg-6 vc_col-md-offset-2 vc_col-md-8 vc_col-sm-offset-1 vc_col-xs-12&Prime; css=\u00a0\u00bb.vc_custom_1470077903008{margin-top: 18% !important;margin-right: 0px !important;margin-bottom: 18% !important;margin-left: 0px !important;padding-top: 0px !important;padding-right: 0px !important;padding-bottom: 0px !important;padding-left: 0px !important;}\u00a0\u00bb][vc_row_inner css=\u00a0\u00bb.vc_custom_1469973262886{border-top-width: 10px !important;border-right-width: 10px !important;border-bottom-width: 10px !important;border-left-width: 10px !important;padding-top: 60px !important;padding-right: 60px !important;padding-bottom: 30px !important;padding-left: 60px !important;border-left-color: #ffffff !important;border-left-style: double !important;border-right-color: #ffffff !important;border-right-style: double !important;border-top-color: #ffffff !important;border-top-style: double !important;border-bottom-color: #ffffff !important;border-bottom-style: double !important;}\u00a0\u00bb el_class=\u00a0\u00bbcustom-mobile-paddings\u00a0\u00bb][vc_column_inner css=\u00a0\u00bb.vc_custom_1469972972735{margin-top: 0px !important;margin-right: 0px !important;margin-bottom: 0px !important;margin-left: 0px !important;padding-top: 0px !important;padding-right: 0px !important;padding-bottom: 0px !important;padding-left: 0px !important;}\u00a0\u00bb]<div id=\"ultimate-heading-681369fc36d40028f\" class=\"uvc-heading ult-adjust-bottom-margin ultimate-heading-681369fc36d40028f uvc-2757 \" data-hspacer=\"no_spacer\"  data-halign=\"center\" style=\"text-align:center\"><div class=\"uvc-heading-spacer no_spacer\" style=\"top\"><\/div><div class=\"uvc-main-heading ult-responsive\"  data-ultimate-target='.uvc-heading.ultimate-heading-681369fc36d40028f h2'  data-responsive-json-new='{\"font-size\":\"desktop:30px;tablet:30px;tablet_portrait:30px;mobile_landscape:24px;mobile:16px;\",\"line-height\":\"desktop:40px;tablet:42px;tablet_portrait:42px;mobile_landscape:36px;mobile:26px;\"}' ><h2 style=\"font-family:&#039;Raleway&#039;;font-weight:700;color:#ffffff;\">Le GR5 : A la recherche du randonneur r\u00e2leur<\/h2><\/div><div class=\"uvc-sub-heading ult-responsive\"  data-ultimate-target='.uvc-heading.ultimate-heading-681369fc36d40028f .uvc-sub-heading '  data-responsive-json-new='{\"font-size\":\"desktop:20px;tablet:20px;tablet_portrait:20px;mobile_landscape:15px;mobile:12px;\",\"line-height\":\"desktop:30px;tablet:30px;tablet_portrait:30px;mobile_landscape:25px;mobile:18px;\"}'  style=\"font-weight:900;color:#ffffff;margin-top:20px;margin-bottom:30px;\">Juillet 2016<\/div><\/div>[\/vc_column_inner][\/vc_row_inner][\/vc_column][\/vc_row][vc_row bg_type=\u00a0\u00bbimage\u00a0\u00bb parallax_style=\u00a0\u00bbvcpb-vz-jquery\u00a0\u00bb bg_image_new=\u00a0\u00bbid^1069|url^http:\/\/voyagefamillemouette.fr\/wp-content\/uploads\/2018\/08\/londres.jpg|caption^null|alt^null|title^londres|description^null\u00a0\u00bb bg_image_repeat=\u00a0\u00bbno-repeat\u00a0\u00bb parallax_sense=\u00a0\u00bb20&Prime; enable_overlay=\u00a0\u00bbenable_overlay_value\u00a0\u00bb overlay_color=\u00a0\u00bbrgba(0,0,0,0.5)\u00a0\u00bb type=\u00a0\u00bbvc_default\u00a0\u00bb css=\u00a0\u00bb.vc_custom_1533978520200{margin-top: 50px !important;margin-right: 0px !important;margin-left: 0px !important;padding-right: 50px !important;padding-left: 50px !important;}\u00a0\u00bb][vc_column width=\u00a0\u00bb5\/6&Prime; offset=\u00a0\u00bbvc_col-lg-offset-3 vc_col-lg-6 vc_col-md-offset-2 vc_col-md-8 vc_col-sm-offset-1 vc_col-xs-12&Prime; css=\u00a0\u00bb.vc_custom_1470077903008{margin-top: 18% !important;margin-right: 0px !important;margin-bottom: 18% !important;margin-left: 0px !important;padding-top: 0px !important;padding-right: 0px !important;padding-bottom: 0px !important;padding-left: 0px !important;}\u00a0\u00bb][vc_row_inner css=\u00a0\u00bb.vc_custom_1469973262886{border-top-width: 10px !important;border-right-width: 10px !important;border-bottom-width: 10px !important;border-left-width: 10px !important;padding-top: 60px !important;padding-right: 60px !important;padding-bottom: 30px !important;padding-left: 60px !important;border-left-color: #ffffff !important;border-left-style: double !important;border-right-color: #ffffff !important;border-right-style: double !important;border-top-color: #ffffff !important;border-top-style: double !important;border-bottom-color: #ffffff !important;border-bottom-style: double !important;}\u00a0\u00bb el_class=\u00a0\u00bbcustom-mobile-paddings\u00a0\u00bb][vc_column_inner css=\u00a0\u00bb.vc_custom_1469972972735{margin-top: 0px !important;margin-right: 0px !important;margin-bottom: 0px !important;margin-left: 0px !important;padding-top: 0px !important;padding-right: 0px !important;padding-bottom: 0px !important;padding-left: 0px !important;}\u00a0\u00bb]<div id=\"ultimate-heading-762969fc36d4002a5\" class=\"uvc-heading ult-adjust-bottom-margin ultimate-heading-762969fc36d4002a5 uvc-3107 \" data-hspacer=\"no_spacer\"  data-halign=\"center\" style=\"text-align:center\"><div class=\"uvc-heading-spacer no_spacer\" style=\"top\"><\/div><div class=\"uvc-main-heading ult-responsive\"  data-ultimate-target='.uvc-heading.ultimate-heading-762969fc36d4002a5 h2'  data-responsive-json-new='{\"font-size\":\"desktop:30px;tablet:30px;tablet_portrait:30px;mobile_landscape:24px;mobile:16px;\",\"line-height\":\"desktop:40px;tablet:42px;tablet_portrait:42px;mobile_landscape:36px;mobile:26px;\"}' ><h2 style=\"font-family:&#039;Raleway&#039;;font-weight:700;color:#ffffff;\">Travers\u00e9e de la manche : En route vers la perfide Albion !<\/h2><\/div><div class=\"uvc-sub-heading ult-responsive\"  data-ultimate-target='.uvc-heading.ultimate-heading-762969fc36d4002a5 .uvc-sub-heading '  data-responsive-json-new='{\"font-size\":\"desktop:20px;tablet:20px;tablet_portrait:20px;mobile_landscape:15px;mobile:12px;\",\"line-height\":\"desktop:30px;tablet:30px;tablet_portrait:30px;mobile_landscape:25px;mobile:18px;\"}'  style=\"font-weight:900;color:#ffffff;margin-top:20px;margin-bottom:30px;\">Juillet 2016<\/div><\/div>[\/vc_column_inner][\/vc_row_inner][\/vc_column][\/vc_row][vc_row bg_type=\u00a0\u00bbimage\u00a0\u00bb parallax_style=\u00a0\u00bbvcpb-vz-jquery\u00a0\u00bb bg_image_new=\u00a0\u00bbid^1073|url^http:\/\/voyagefamillemouette.fr\/wp-content\/uploads\/2018\/08\/etna-1.jpg|caption^null|alt^null|title^etna|description^null\u00a0\u00bb bg_image_repeat=\u00a0\u00bbno-repeat\u00a0\u00bb parallax_sense=\u00a0\u00bb20&Prime; enable_overlay=\u00a0\u00bbenable_overlay_value\u00a0\u00bb overlay_color=\u00a0\u00bbrgba(0,0,0,0.5)\u00a0\u00bb type=\u00a0\u00bbvc_default\u00a0\u00bb css=\u00a0\u00bb.vc_custom_1533979880420{margin-top: 50px !important;margin-right: 0px !important;margin-left: 0px !important;padding-right: 50px !important;padding-left: 50px !important;}\u00a0\u00bb][vc_column width=\u00a0\u00bb5\/6&Prime; offset=\u00a0\u00bbvc_col-lg-offset-3 vc_col-lg-6 vc_col-md-offset-2 vc_col-md-8 vc_col-sm-offset-1 vc_col-xs-12&Prime; css=\u00a0\u00bb.vc_custom_1470077903008{margin-top: 18% !important;margin-right: 0px !important;margin-bottom: 18% !important;margin-left: 0px !important;padding-top: 0px !important;padding-right: 0px !important;padding-bottom: 0px !important;padding-left: 0px !important;}\u00a0\u00bb][vc_row_inner css=\u00a0\u00bb.vc_custom_1469973262886{border-top-width: 10px !important;border-right-width: 10px !important;border-bottom-width: 10px !important;border-left-width: 10px !important;padding-top: 60px !important;padding-right: 60px !important;padding-bottom: 30px !important;padding-left: 60px !important;border-left-color: #ffffff !important;border-left-style: double !important;border-right-color: #ffffff !important;border-right-style: double !important;border-top-color: #ffffff !important;border-top-style: double !important;border-bottom-color: #ffffff !important;border-bottom-style: double !important;}\u00a0\u00bb el_class=\u00a0\u00bbcustom-mobile-paddings\u00a0\u00bb][vc_column_inner css=\u00a0\u00bb.vc_custom_1469972972735{margin-top: 0px !important;margin-right: 0px !important;margin-bottom: 0px !important;margin-left: 0px !important;padding-top: 0px !important;padding-right: 0px !important;padding-bottom: 0px !important;padding-left: 0px !important;}\u00a0\u00bb]<div id=\"ultimate-heading-437769fc36d4002bb\" class=\"uvc-heading ult-adjust-bottom-margin ultimate-heading-437769fc36d4002bb uvc-3376 \" data-hspacer=\"no_spacer\"  data-halign=\"center\" style=\"text-align:center\"><div class=\"uvc-heading-spacer no_spacer\" style=\"top\"><\/div><div class=\"uvc-main-heading ult-responsive\"  data-ultimate-target='.uvc-heading.ultimate-heading-437769fc36d4002bb h2'  data-responsive-json-new='{\"font-size\":\"desktop:30px;tablet:30px;tablet_portrait:30px;mobile_landscape:24px;mobile:16px;\",\"line-height\":\"desktop:40px;tablet:42px;tablet_portrait:42px;mobile_landscape:36px;mobile:26px;\"}' ><h2 style=\"font-family:&#039;Raleway&#039;;font-weight:700;color:#ffffff;\">La Sicile, une destination qui r\u00e9pond parfaitement aux crit\u00e8res<\/h2><\/div><div class=\"uvc-sub-heading ult-responsive\"  data-ultimate-target='.uvc-heading.ultimate-heading-437769fc36d4002bb .uvc-sub-heading '  data-responsive-json-new='{\"font-size\":\"desktop:20px;tablet:20px;tablet_portrait:20px;mobile_landscape:15px;mobile:12px;\",\"line-height\":\"desktop:30px;tablet:30px;tablet_portrait:30px;mobile_landscape:25px;mobile:18px;\"}'  style=\"font-weight:900;color:#ffffff;margin-top:20px;margin-bottom:30px;\">Juillet 2013<\/div><\/div>[\/vc_column_inner][\/vc_row_inner][\/vc_column][\/vc_row]<\/p>\n","protected":false},"excerpt":{"rendered":"<p>[vc_row equal_height=\u00a0\u00bbyes\u00a0\u00bb type=\u00a0\u00bbvc_default\u00a0\u00bb css=\u00a0\u00bb.vc_custom_1568799715022{margin-right: 0px !important;margin-bottom: 0px !important;margin-left: 0px !important;}\u00a0\u00bb][vc_column css=\u00a0\u00bb.vc_custom_1533936492247{margin-right: -100% !important;margin-left: -100% !important;}\u00a0\u00bb][\/vc_column][\/vc_row][vc_row bg_type=\u00a0\u00bbimage\u00a0\u00bb type=\u00a0\u00bbvc_default\u00a0\u00bb css=\u00a0\u00bb.vc_custom_1568823404904{margin-top: 50px !important;margin-right: 5px !important;margin-left: 5px !important;border-top-width: 10px !important;border-right-width: 10px !important;border-bottom-width: 10px !important;border-left-width: 10px !important;padding-right: 30px !important;padding-left: 30px !important;border-left-color: #003d99 !important;border-left-style: double !important;border-right-color: #003d99 !important;border-right-style: double !important;border-top-color: #003d99 !important;border-top-style: double !important;border-bottom-color: #003d99 !important;border-bottom-style: double !important;}\u00a0\u00bb][vc_column offset=\u00a0\u00bbvc_col-xs-12&Prime;][vc_column_text] O\u00f9 Sommes&hellip;<\/p>\n","protected":false},"author":1,"featured_media":0,"parent":0,"menu_order":0,"comment_status":"closed","ping_status":"closed","template":"","meta":[],"yoast_head":"<!-- This site is optimized with the Yoast SEO plugin v16.1.1 - https:\/\/yoast.com\/wordpress\/plugins\/seo\/ -->\n<title>Home - Voyage famille Mouette<\/title>\n<link rel=\"canonical\" href=\"http:\/\/voyagefamillemouette.fr\/\" \/>\n<meta property=\"og:locale\" content=\"fr_FR\" \/>\n<meta property=\"og:type\" content=\"article\" \/>\n<meta property=\"og:title\" content=\"Home - Voyage famille Mouette\" \/>\n<meta property=\"og:description\" content=\"[vc_row equal_height=\u00a0\u00bbyes\u00a0\u00bb type=\u00a0\u00bbvc_default\u00a0\u00bb css=\u00a0\u00bb.vc_custom_1568799715022{margin-right: 0px !important;margin-bottom: 0px !important;margin-left: 0px !important;}\u00a0\u00bb][vc_column css=\u00a0\u00bb.vc_custom_1533936492247{margin-right: -100% !important;margin-left: -100% !important;}\u00a0\u00bb][\/vc_column][\/vc_row][vc_row bg_type=\u00a0\u00bbimage\u00a0\u00bb type=\u00a0\u00bbvc_default\u00a0\u00bb css=\u00a0\u00bb.vc_custom_1568823404904{margin-top: 50px !important;margin-right: 5px !important;margin-left: 5px !important;border-top-width: 10px !important;border-right-width: 10px !important;border-bottom-width: 10px !important;border-left-width: 10px !important;padding-right: 30px !important;padding-left: 30px !important;border-left-color: #003d99 !important;border-left-style: double !important;border-right-color: #003d99 !important;border-right-style: double !important;border-top-color: #003d99 !important;border-top-style: double !important;border-bottom-color: #003d99 !important;border-bottom-style: double !important;}\u00a0\u00bb][vc_column offset=\u00a0\u00bbvc_col-xs-12&Prime;][vc_column_text] O\u00f9 Sommes&hellip;\" \/>\n<meta property=\"og:url\" content=\"http:\/\/voyagefamillemouette.fr\/\" \/>\n<meta property=\"og:site_name\" content=\"Voyage famille Mouette\" \/>\n<meta property=\"article:modified_time\" content=\"2021-07-25T13:26:36+00:00\" \/>\n<meta name=\"twitter:card\" content=\"summary_large_image\" \/>\n<meta name=\"twitter:label1\" content=\"Dur\u00e9e de lecture est.\">\n\t<meta name=\"twitter:data1\" content=\"3 minutes\">\n<script type=\"application\/ld+json\" class=\"yoast-schema-graph\">{\"@context\":\"https:\/\/schema.org\",\"@graph\":[{\"@type\":\"WebSite\",\"@id\":\"http:\/\/voyagefamillemouette.fr\/#website\",\"url\":\"http:\/\/voyagefamillemouette.fr\/\",\"name\":\"Voyage famille Mouette\",\"description\":\"\",\"potentialAction\":[{\"@type\":\"SearchAction\",\"target\":\"http:\/\/voyagefamillemouette.fr\/?s={search_term_string}\",\"query-input\":\"required name=search_term_string\"}],\"inLanguage\":\"fr-FR\"},{\"@type\":\"WebPage\",\"@id\":\"http:\/\/voyagefamillemouette.fr\/#webpage\",\"url\":\"http:\/\/voyagefamillemouette.fr\/\",\"name\":\"Home - Voyage famille Mouette\",\"isPartOf\":{\"@id\":\"http:\/\/voyagefamillemouette.fr\/#website\"},\"datePublished\":\"2016-07-21T14:27:03+00:00\",\"dateModified\":\"2021-07-25T13:26:36+00:00\",\"breadcrumb\":{\"@id\":\"http:\/\/voyagefamillemouette.fr\/#breadcrumb\"},\"inLanguage\":\"fr-FR\",\"potentialAction\":[{\"@type\":\"ReadAction\",\"target\":[\"http:\/\/voyagefamillemouette.fr\/\"]}]},{\"@type\":\"BreadcrumbList\",\"@id\":\"http:\/\/voyagefamillemouette.fr\/#breadcrumb\",\"itemListElement\":[{\"@type\":\"ListItem\",\"position\":1,\"item\":{\"@type\":\"WebPage\",\"@id\":\"http:\/\/voyagefamillemouette.fr\/\",\"url\":\"http:\/\/voyagefamillemouette.fr\/\",\"name\":\"Accueil\"}},{\"@type\":\"ListItem\",\"position\":2,\"item\":{\"@type\":\"WebPage\",\"@id\":\"http:\/\/voyagefamillemouette.fr\/\",\"url\":\"http:\/\/voyagefamillemouette.fr\/\",\"name\":\"Home\"}}]}]}<\/script>\n<!-- \/ Yoast SEO plugin. -->","_links":{"self":[{"href":"https:\/\/voyagefamillemouette.fr\/index.php\/wp-json\/wp\/v2\/pages\/857"}],"collection":[{"href":"https:\/\/voyagefamillemouette.fr\/index.php\/wp-json\/wp\/v2\/pages"}],"about":[{"href":"https:\/\/voyagefamillemouette.fr\/index.php\/wp-json\/wp\/v2\/types\/page"}],"author":[{"embeddable":true,"href":"https:\/\/voyagefamillemouette.fr\/index.php\/wp-json\/wp\/v2\/users\/1"}],"replies":[{"embeddable":true,"href":"https:\/\/voyagefamillemouette.fr\/index.php\/wp-json\/wp\/v2\/comments?post=857"}],"version-history":[{"count":130,"href":"https:\/\/voyagefamillemouette.fr\/index.php\/wp-json\/wp\/v2\/pages\/857\/revisions"}],"predecessor-version":[{"id":1347,"href":"https:\/\/voyagefamillemouette.fr\/index.php\/wp-json\/wp\/v2\/pages\/857\/revisions\/1347"}],"wp:attachment":[{"href":"https:\/\/voyagefamillemouette.fr\/index.php\/wp-json\/wp\/v2\/media?parent=857"}],"curies":[{"name":"wp","href":"https:\/\/api.w.org\/{rel}","templated":true}]}}