{"id":1136,"date":"2013-02-19T04:52:50","date_gmt":"2013-02-19T04:52:50","guid":{"rendered":"http:\/\/voyagefamillemouette.wordpress.com\/?page_id=1"},"modified":"2013-02-19T04:52:50","modified_gmt":"2013-02-19T04:52:50","slug":"voyages","status":"publish","type":"page","link":"https:\/\/voyagefamillemouette.fr\/index.php\/voyages\/","title":{"rendered":"Nos voyages"},"content":{"rendered":"<h2><a href=\"https:\/\/voyagefamillemouette.files.wordpress.com\/2018\/06\/corinthe-1.jpg\"><img loading=\"lazy\" class=\"alignright wp-image-871 size-thumbnail\" src=\"https:\/\/voyagefamillemouette.files.wordpress.com\/2018\/06\/corinthe-1.jpg?w=150\" alt=\"\" width=\"150\" height=\"109\" \/><\/a>Gr\u00e8ce &#8211; 2018<\/h2>\n<p>Que les vacances commencent &#8230;<\/p>\n<ul>\n<li>11\/07 <a href=\"https:\/\/voyagefamillemouette.wordpress.com\/2018\/07\/12\/grece-histoire-dun-aller\/\">Gr\u00e8ce : Histoire d&rsquo;un aller&#8230;<\/a><\/li>\n<li>12\/07 <a href=\"https:\/\/voyagefamillemouette.wordpress.com\/2018\/07\/18\/premiere-visite-de-vieilles-pierres\/\">Premi\u00e8re Visite de Vieilles Pierres<\/a><\/li>\n<li>13\/07 <a href=\"https:\/\/voyagefamillemouette.wordpress.com\/2018\/07\/19\/2h-max-a-dimitsana\/\">2h max \u00e0 Dimitsana<\/a><\/li>\n<li>14\/07 <a href=\"https:\/\/voyagefamillemouette.wordpress.com\/2018\/07\/21\/epidaure-soiree-theatre\/\">Epidaure : Au Th\u00e9\u00e2tre Ce Soir<\/a><\/li>\n<li>15\/07 <a href=\"https:\/\/voyagefamillemouette.wordpress.com\/2018\/07\/21\/le-coq-sportif\/\">Le Coq Sportif<\/a><\/li>\n<li>16\/07 <a href=\"https:\/\/voyagefamillemouette.wordpress.com\/2018\/07\/21\/le-lac-de-vouliagmenis\/\">Le Lac Vouliagmeni<\/a><\/li>\n<li>17\/07 <a href=\"https:\/\/voyagefamillemouette.wordpress.com\/2018\/07\/22\/delphes\/\">Delphes<\/a><\/li>\n<li>18\/O7 <a href=\"https:\/\/voyagefamillemouette.wordpress.com\/2018\/07\/22\/lacrocorinthe\/\">L&rsquo;Acrocorinthe<\/a><\/li>\n<li>19\/07 <a href=\"https:\/\/voyagefamillemouette.wordpress.com\/2018\/07\/22\/mycenes-nauplie\/\">Myc\u00e8nes &amp; Nauplie<\/a><\/li>\n<li>20\/07 <a href=\"https:\/\/voyagefamillemouette.wordpress.com\/2018\/07\/24\/le-grand-bleu\/\">Le Grand Bleu<\/a><\/li>\n<li>21\/07 <a href=\"https:\/\/voyagefamillemouette.wordpress.com\/2018\/07\/24\/nemee\/\">N\u00e9m\u00e9e<\/a><\/li>\n<li>22\/07 <a href=\"https:\/\/voyagefamillemouette.wordpress.com\/2018\/07\/24\/un-petit-tour-dodondoto\/\">Un petit tour d&rsquo;Odondoto<\/a><\/li>\n<li>23\/07 <a href=\"https:\/\/voyagefamillemouette.wordpress.com\/2018\/07\/25\/athenes\/\">Ath\u00e8nes<\/a><\/li>\n<li>24\/07 <a href=\"https:\/\/voyagefamillemouette.wordpress.com\/2018\/07\/25\/le-repos-des-touristes\/\">Le Repos des Touristes<\/a><\/li>\n<li>25\/07 Gr\u00e8ce : et d&rsquo;un retour.<\/li>\n<\/ul>\n<h2><\/h2>\n<h2>Hollande &#8211; Mai 2017<\/h2>\n<p><img loading=\"lazy\" class=\" size-thumbnail wp-image-753 alignright\" src=\"https:\/\/voyagefamillemouette.files.wordpress.com\/2013\/02\/dscn0605.jpg?w=113\" alt=\"Tulipes- hollande\" width=\"113\" height=\"150\" \/>Voil\u00e0 Michel est all\u00e9 au-dessus de Dieppe. Nous sommes partis pour 4 jours pour\u00a0visiter la Hollande : ses tulipes, ses moulins, ses canaux et le port d&rsquo;Amsterdam. Mais avant la Hollande, petite halte \u00e0 Bruxelles.<\/p>\n<p><a href=\"https:\/\/voyagefamillemouette.wordpress.com\/2017\/05\/03\/hollande-mai-2017\/\">En savoir plus<\/a><\/p>\n<p>&nbsp;<\/p>\n<h2>Alpes &#8211; mi-Juillet 2016<\/h2>\n<p><img loading=\"lazy\" class=\"alignright size-thumbnail wp-image-328\" src=\"https:\/\/voyagefamillemouette.files.wordpress.com\/2013\/02\/sac_a_dos.jpg?w=150\" alt=\"Hiking.\" width=\"150\" height=\"84\" \/><\/p>\n<p>Apr\u00e8s les voyages culturels, place au sport\u00a0! La famille se r\u00e9unit de nouveau pour un trek alpin. Six jours de randonn\u00e9e entre Brian\u00e7on et Larche.<\/p>\n<p style=\"text-align:right;\">En savoir plus<\/p>\n<h2>Londres &#8211; d\u00e9but Juillet 2016<\/h2>\n<p>Cette fois-ci, nous passons outre les crit\u00e8res pour faire un week-end<img loading=\"lazy\" class=\"alignright size-thumbnail wp-image-303\" src=\"https:\/\/voyagefamillemouette.files.wordpress.com\/2016\/02\/cabine-telephonique-londres-1_2838000.jpg?w=100\" alt=\"cabine-telephonique-londres-1_2838000\" width=\"100\" height=\"150\" srcset=\"https:\/\/voyagefamillemouette.fr\/wp-content\/uploads\/2016\/02\/cabine-telephonique-londres-1_2838000.jpg 417w, https:\/\/voyagefamillemouette.fr\/wp-content\/uploads\/2016\/02\/cabine-telephonique-londres-1_2838000-200x300.jpg 200w\" sizes=\"(max-width: 100px) 100vw, 100px\" \/> :<\/p>\n<ul>\n<li><strong>Dans un pays pluvieux<\/strong> (au-dessus de Dieppe)<\/li>\n<li><strong>Dont l&rsquo;appartenance \u00e0 l&rsquo;Europe est contest\u00e9e<\/strong> (surtout par ses habitants)<\/li>\n<li>Et malheureusement pour certains,<strong>\u00a0anglophone<\/strong>\u00a0!<\/li>\n<li>Par chance, les <strong>activit\u00e9s culturelles<\/strong> restent au programme.<\/li>\n<\/ul>\n<p>Vous avez devin\u00e9 ? C&rsquo;est l&rsquo;Angleterre et plus pr\u00e9cis\u00e9ment <strong>LONDRES.<br \/>\n<\/strong><\/p>\n<p style=\"text-align:right;\"><a href=\"https:\/\/voyagefamillemouette.wordpress.com\/category\/londres-2016\/\">En savoir plus<\/a><\/p>\n<h2>Sicile &#8211; Juillet 2013<\/h2>\n<p><img loading=\"lazy\" class=\"alignright size-thumbnail wp-image-10\" src=\"https:\/\/voyagefamillemouette.files.wordpress.com\/2013\/02\/carte2.jpg?w=150\" alt=\"carte2\" width=\"150\" height=\"112\" \/>Pour ses 70 ans, Papi avait voulu qu&rsquo;on renouvelle l&rsquo;\u00e9pisode des vacances en famille en Espagne.\u00a0La destination doit r\u00e9pondre \u00e0 un certain cahier des charges donn\u00e9 par les contributeurs (Papi et Mamie) :<\/p>\n<div>\n<div>\n<ul>\n<li><b>pays ensoleill\u00e9<\/b>\u00a0(au dessus de Dieppe, oubliez),<\/li>\n<li><b>En Europe<\/b><\/li>\n<li><b>Pas de pays anglophones<\/b>. En effet, vu les ant\u00e9c\u00e9dents historiques ; cela ne va pas \u00eatre possible<\/li>\n<li>\u00a0voyage avec <strong>une dimension culturelle<\/strong>.<\/li>\n<\/ul>\n<p>Et pourquoi pas\u00a0la Sicile\u00a0? Cette destination r\u00e9pond parfaitement aux crit\u00e8res.<\/p>\n<p style=\"text-align:right;\"><a href=\"https:\/\/voyagefamillemouette.wordpress.com\/category\/voyage-en-sicile-2013\/\">En savoir plus\u00a0<\/a><\/p>\n<\/div>\n<\/div>\n","protected":false},"excerpt":{"rendered":"<p>Gr\u00e8ce &#8211; 2018 Que les vacances commencent &#8230; 11\/07 Gr\u00e8ce : Histoire d&rsquo;un aller&#8230; 12\/07 Premi\u00e8re Visite de Vieilles Pierres 13\/07 2h max \u00e0 Dimitsana 14\/07 Epidaure : Au Th\u00e9\u00e2tre Ce Soir 15\/07 Le Coq Sportif 16\/07 Le Lac Vouliagmeni 17\/07 Delphes 18\/O7 L&rsquo;Acrocorinthe 19\/07 Myc\u00e8nes &amp; Nauplie 20\/07 Le Grand Bleu 21\/07 N\u00e9m\u00e9e 22\/07&hellip;<\/p>\n","protected":false},"author":2,"featured_media":0,"parent":0,"menu_order":0,"comment_status":"open","ping_status":"closed","template":"","meta":[],"yoast_head":"<!-- This site is optimized with the Yoast SEO plugin v16.1.1 - https:\/\/yoast.com\/wordpress\/plugins\/seo\/ -->\n<title>Nos voyages - Voyage famille Mouette<\/title>\n<link rel=\"canonical\" href=\"http:\/\/voyagefamillemouette.fr\/index.php\/voyages\/\" \/>\n<meta property=\"og:locale\" content=\"fr_FR\" \/>\n<meta property=\"og:type\" content=\"article\" \/>\n<meta property=\"og:title\" content=\"Nos voyages - Voyage famille Mouette\" \/>\n<meta property=\"og:description\" content=\"Gr\u00e8ce &#8211; 2018 Que les vacances commencent &#8230; 11\/07 Gr\u00e8ce : Histoire d&rsquo;un aller&#8230; 12\/07 Premi\u00e8re Visite de Vieilles Pierres 13\/07 2h max \u00e0 Dimitsana 14\/07 Epidaure : Au Th\u00e9\u00e2tre Ce Soir 15\/07 Le Coq Sportif 16\/07 Le Lac Vouliagmeni 17\/07 Delphes 18\/O7 L&rsquo;Acrocorinthe 19\/07 Myc\u00e8nes &amp; Nauplie 20\/07 Le Grand Bleu 21\/07 N\u00e9m\u00e9e 22\/07&hellip;\" \/>\n<meta property=\"og:url\" content=\"http:\/\/voyagefamillemouette.fr\/index.php\/voyages\/\" \/>\n<meta property=\"og:site_name\" content=\"Voyage famille Mouette\" \/>\n<meta property=\"og:image\" content=\"https:\/\/voyagefamillemouette.files.wordpress.com\/2018\/06\/corinthe-1.jpg?w=150\" \/>\n<meta name=\"twitter:card\" content=\"summary_large_image\" \/>\n<meta name=\"twitter:label1\" content=\"Dur\u00e9e de lecture est.\">\n\t<meta name=\"twitter:data1\" content=\"1 minute\">\n<script type=\"application\/ld+json\" class=\"yoast-schema-graph\">{\"@context\":\"https:\/\/schema.org\",\"@graph\":[{\"@type\":\"WebSite\",\"@id\":\"http:\/\/voyagefamillemouette.fr\/#website\",\"url\":\"http:\/\/voyagefamillemouette.fr\/\",\"name\":\"Voyage famille Mouette\",\"description\":\"\",\"potentialAction\":[{\"@type\":\"SearchAction\",\"target\":\"http:\/\/voyagefamillemouette.fr\/?s={search_term_string}\",\"query-input\":\"required name=search_term_string\"}],\"inLanguage\":\"fr-FR\"},{\"@type\":\"ImageObject\",\"@id\":\"http:\/\/voyagefamillemouette.fr\/index.php\/voyages\/#primaryimage\",\"inLanguage\":\"fr-FR\",\"url\":\"https:\/\/voyagefamillemouette.files.wordpress.com\/2018\/06\/corinthe-1.jpg?w=150\",\"contentUrl\":\"https:\/\/voyagefamillemouette.files.wordpress.com\/2018\/06\/corinthe-1.jpg?w=150\"},{\"@type\":\"WebPage\",\"@id\":\"http:\/\/voyagefamillemouette.fr\/index.php\/voyages\/#webpage\",\"url\":\"http:\/\/voyagefamillemouette.fr\/index.php\/voyages\/\",\"name\":\"Nos voyages - Voyage famille Mouette\",\"isPartOf\":{\"@id\":\"http:\/\/voyagefamillemouette.fr\/#website\"},\"primaryImageOfPage\":{\"@id\":\"http:\/\/voyagefamillemouette.fr\/index.php\/voyages\/#primaryimage\"},\"datePublished\":\"2013-02-19T04:52:50+00:00\",\"dateModified\":\"2013-02-19T04:52:50+00:00\",\"breadcrumb\":{\"@id\":\"http:\/\/voyagefamillemouette.fr\/index.php\/voyages\/#breadcrumb\"},\"inLanguage\":\"fr-FR\",\"potentialAction\":[{\"@type\":\"ReadAction\",\"target\":[\"http:\/\/voyagefamillemouette.fr\/index.php\/voyages\/\"]}]},{\"@type\":\"BreadcrumbList\",\"@id\":\"http:\/\/voyagefamillemouette.fr\/index.php\/voyages\/#breadcrumb\",\"itemListElement\":[{\"@type\":\"ListItem\",\"position\":1,\"item\":{\"@type\":\"WebPage\",\"@id\":\"http:\/\/voyagefamillemouette.fr\/\",\"url\":\"http:\/\/voyagefamillemouette.fr\/\",\"name\":\"Accueil\"}},{\"@type\":\"ListItem\",\"position\":2,\"item\":{\"@type\":\"WebPage\",\"@id\":\"http:\/\/voyagefamillemouette.fr\/index.php\/voyages\/\",\"url\":\"http:\/\/voyagefamillemouette.fr\/index.php\/voyages\/\",\"name\":\"Nos voyages\"}}]}]}<\/script>\n<!-- \/ Yoast SEO plugin. -->","_links":{"self":[{"href":"https:\/\/voyagefamillemouette.fr\/index.php\/wp-json\/wp\/v2\/pages\/1136"}],"collection":[{"href":"https:\/\/voyagefamillemouette.fr\/index.php\/wp-json\/wp\/v2\/pages"}],"about":[{"href":"https:\/\/voyagefamillemouette.fr\/index.php\/wp-json\/wp\/v2\/types\/page"}],"author":[{"embeddable":true,"href":"https:\/\/voyagefamillemouette.fr\/index.php\/wp-json\/wp\/v2\/users\/2"}],"replies":[{"embeddable":true,"href":"https:\/\/voyagefamillemouette.fr\/index.php\/wp-json\/wp\/v2\/comments?post=1136"}],"version-history":[{"count":0,"href":"https:\/\/voyagefamillemouette.fr\/index.php\/wp-json\/wp\/v2\/pages\/1136\/revisions"}],"wp:attachment":[{"href":"https:\/\/voyagefamillemouette.fr\/index.php\/wp-json\/wp\/v2\/media?parent=1136"}],"curies":[{"name":"wp","href":"https:\/\/api.w.org\/{rel}","templated":true}]}}